{"id":4726,"date":"2023-01-11T13:57:48","date_gmt":"2023-01-11T12:57:48","guid":{"rendered":"https:\/\/annarona.de\/?post_type=product&#038;p=4726"},"modified":"2023-09-11T08:11:05","modified_gmt":"2023-09-11T06:11:05","slug":"pies-w-ogrodzie-wyobrazni","status":"publish","type":"product","link":"https:\/\/annarona.de\/pl\/produkt\/pies-w-ogrodzie-wyobrazni\/","title":{"rendered":"Pies w ogrodzie wyobra\u017ani"},"content":{"rendered":"","protected":false},"excerpt":{"rendered":"<div id=\"tw-target-text-container\" class=\"tw-ta-container hide-focus-ring tw-nfl\" tabindex=\"0\"><strong>&#8222;Pies w ogrodzie wyobra\u017ani&#8221; to obraz olejny namalowany na p\u0142\u00f3tnie o wymiarach 100 cm x 80 cm. Powsta\u0142 latem 2022 roku i jest cz\u0119\u015bci\u0105 trzycz\u0119\u015bciowego cyklu obraz\u00f3w zatytu\u0142owanego &#8222;Zwierz\u0119ta w ogrodzie wyobra\u017ani&#8221;. Namalowany jest w ciep\u0142ych, przyjemnych odcieniach, kt\u00f3re pasuj\u0105 do wielu wn\u0119trz. <\/strong><br \/>\n<strong>Obraz nie jest oprawiony w ram\u0119.<\/strong><\/div>\n","protected":false},"featured_media":4731,"template":"","meta":{"ocean_post_layout":"","ocean_both_sidebars_style":"","ocean_both_sidebars_content_width":0,"ocean_both_sidebars_sidebars_width":0,"ocean_sidebar":"0","ocean_second_sidebar":"0","ocean_disable_margins":"enable","ocean_add_body_class":"","ocean_shortcode_before_top_bar":"","ocean_shortcode_after_top_bar":"","ocean_shortcode_before_header":"","ocean_shortcode_after_header":"","ocean_has_shortcode":"","ocean_shortcode_after_title":"","ocean_shortcode_before_footer_widgets":"","ocean_shortcode_after_footer_widgets":"","ocean_shortcode_before_footer_bottom":"","ocean_shortcode_after_footer_bottom":"","ocean_display_top_bar":"default","ocean_display_header":"default","ocean_header_style":"","ocean_center_header_left_menu":"0","ocean_custom_header_template":"0","ocean_custom_logo":0,"ocean_custom_retina_logo":0,"ocean_custom_logo_max_width":0,"ocean_custom_logo_tablet_max_width":0,"ocean_custom_logo_mobile_max_width":0,"ocean_custom_logo_max_height":0,"ocean_custom_logo_tablet_max_height":0,"ocean_custom_logo_mobile_max_height":0,"ocean_header_custom_menu":"0","ocean_menu_typo_font_family":"0","ocean_menu_typo_font_subset":"","ocean_menu_typo_font_size":0,"ocean_menu_typo_font_size_tablet":0,"ocean_menu_typo_font_size_mobile":0,"ocean_menu_typo_font_size_unit":"px","ocean_menu_typo_font_weight":"","ocean_menu_typo_font_weight_tablet":"","ocean_menu_typo_font_weight_mobile":"","ocean_menu_typo_transform":"","ocean_menu_typo_transform_tablet":"","ocean_menu_typo_transform_mobile":"","ocean_menu_typo_line_height":0,"ocean_menu_typo_line_height_tablet":0,"ocean_menu_typo_line_height_mobile":0,"ocean_menu_typo_line_height_unit":"","ocean_menu_typo_spacing":0,"ocean_menu_typo_spacing_tablet":0,"ocean_menu_typo_spacing_mobile":0,"ocean_menu_typo_spacing_unit":"","ocean_menu_link_color":"","ocean_menu_link_color_hover":"","ocean_menu_link_color_active":"","ocean_menu_link_background":"","ocean_menu_link_hover_background":"","ocean_menu_link_active_background":"","ocean_menu_social_links_bg":"","ocean_menu_social_hover_links_bg":"","ocean_menu_social_links_color":"","ocean_menu_social_hover_links_color":"","ocean_disable_title":"default","ocean_disable_heading":"default","ocean_post_title":"","ocean_post_subheading":"","ocean_post_title_style":"","ocean_post_title_background_color":"","ocean_post_title_background":0,"ocean_post_title_bg_image_position":"","ocean_post_title_bg_image_attachment":"","ocean_post_title_bg_image_repeat":"","ocean_post_title_bg_image_size":"","ocean_post_title_height":0,"ocean_post_title_bg_overlay":0.5,"ocean_post_title_bg_overlay_color":"","ocean_disable_breadcrumbs":"default","ocean_breadcrumbs_color":"","ocean_breadcrumbs_separator_color":"","ocean_breadcrumbs_links_color":"","ocean_breadcrumbs_links_hover_color":"","ocean_display_footer_widgets":"default","ocean_display_footer_bottom":"default","ocean_custom_footer_template":"0"},"product_brand":[],"product_cat":[],"product_tag":[],"class_list":{"0":"post-4726","1":"product","2":"type-product","3":"status-publish","4":"has-post-thumbnail","7":"entry","8":"has-media","10":"first","11":"instock","12":"sold-individually","13":"taxable","14":"shipping-taxable","15":"purchasable","16":"product-type-simple","17":"has-product-nav","18":"col","19":"span_1_of_3","20":"owp-content-center","21":"owp-thumbs-layout-horizontal","22":"owp-btn-normal","23":"owp-tabs-layout-horizontal","25":"circle-sale"},"yoast_head":"<!-- This site is optimized with the Yoast SEO plugin v27.3 - https:\/\/yoast.com\/product\/yoast-seo-wordpress\/ -->\n<title>Pies w ogrodzie wyobra\u017ani - Anna Rona<\/title>\n<meta name=\"robots\" content=\"index, follow, max-snippet:-1, max-image-preview:large, max-video-preview:-1\" \/>\n<link rel=\"canonical\" href=\"https:\/\/annarona.de\/produkt\/hund-im-garten-der-phantasie-2\/\" \/>\n<meta property=\"og:locale\" content=\"pl_PL\" \/>\n<meta property=\"og:type\" content=\"article\" \/>\n<meta property=\"og:title\" content=\"Pies w ogrodzie wyobra\u017ani - Anna Rona\" \/>\n<meta property=\"og:description\" content=\"&quot;Pies w ogrodzie wyobra\u017ani&quot; to obraz olejny namalowany na p\u0142\u00f3tnie o wymiarach 100 cm x 80 cm. Powsta\u0142 latem 2022 roku i jest cz\u0119\u015bci\u0105 trzycz\u0119\u015bciowego cyklu obraz\u00f3w zatytu\u0142owanego &quot;Zwierz\u0119ta w ogrodzie wyobra\u017ani&quot;. Namalowany jest w ciep\u0142ych, przyjemnych odcieniach, kt\u00f3re pasuj\u0105 do wielu wn\u0119trz.  Obraz nie jest oprawiony w ram\u0119.\" \/>\n<meta property=\"og:url\" content=\"https:\/\/annarona.de\/produkt\/hund-im-garten-der-phantasie-2\/\" \/>\n<meta property=\"og:site_name\" content=\"Anna Rona\" \/>\n<meta property=\"article:modified_time\" content=\"2023-09-11T06:11:05+00:00\" \/>\n<meta property=\"og:image\" content=\"https:\/\/annarona.de\/wp-content\/uploads\/2023\/01\/MG_8660A.jpg\" \/>\n\t<meta property=\"og:image:width\" content=\"1200\" \/>\n\t<meta property=\"og:image:height\" content=\"961\" \/>\n\t<meta property=\"og:image:type\" content=\"image\/jpeg\" \/>\n<meta name=\"twitter:card\" content=\"summary_large_image\" \/>\n<script type=\"application\/ld+json\" class=\"yoast-schema-graph\">{\"@context\":\"https:\\\/\\\/schema.org\",\"@graph\":[{\"@type\":\"WebPage\",\"@id\":\"https:\\\/\\\/annarona.de\\\/produkt\\\/hund-im-garten-der-phantasie-2\\\/\",\"url\":\"https:\\\/\\\/annarona.de\\\/produkt\\\/hund-im-garten-der-phantasie-2\\\/\",\"name\":\"Pies w ogrodzie wyobra\u017ani - Anna Rona\",\"isPartOf\":{\"@id\":\"https:\\\/\\\/annarona.de\\\/#website\"},\"primaryImageOfPage\":{\"@id\":\"https:\\\/\\\/annarona.de\\\/produkt\\\/hund-im-garten-der-phantasie-2\\\/#primaryimage\"},\"image\":{\"@id\":\"https:\\\/\\\/annarona.de\\\/produkt\\\/hund-im-garten-der-phantasie-2\\\/#primaryimage\"},\"thumbnailUrl\":\"https:\\\/\\\/annarona.de\\\/wp-content\\\/uploads\\\/2023\\\/01\\\/MG_8660A.jpg\",\"datePublished\":\"2023-01-11T12:57:48+00:00\",\"dateModified\":\"2023-09-11T06:11:05+00:00\",\"breadcrumb\":{\"@id\":\"https:\\\/\\\/annarona.de\\\/produkt\\\/hund-im-garten-der-phantasie-2\\\/#breadcrumb\"},\"inLanguage\":\"pl-PL\",\"potentialAction\":[{\"@type\":\"ReadAction\",\"target\":[\"https:\\\/\\\/annarona.de\\\/produkt\\\/hund-im-garten-der-phantasie-2\\\/\"]}]},{\"@type\":\"ImageObject\",\"inLanguage\":\"pl-PL\",\"@id\":\"https:\\\/\\\/annarona.de\\\/produkt\\\/hund-im-garten-der-phantasie-2\\\/#primaryimage\",\"url\":\"https:\\\/\\\/annarona.de\\\/wp-content\\\/uploads\\\/2023\\\/01\\\/MG_8660A.jpg\",\"contentUrl\":\"https:\\\/\\\/annarona.de\\\/wp-content\\\/uploads\\\/2023\\\/01\\\/MG_8660A.jpg\",\"width\":1200,\"height\":961},{\"@type\":\"BreadcrumbList\",\"@id\":\"https:\\\/\\\/annarona.de\\\/produkt\\\/hund-im-garten-der-phantasie-2\\\/#breadcrumb\",\"itemListElement\":[{\"@type\":\"ListItem\",\"position\":1,\"name\":\"Home\",\"item\":\"https:\\\/\\\/annarona.de\\\/pl\\\/\"},{\"@type\":\"ListItem\",\"position\":2,\"name\":\"Erh\u00e4ltliche Werke\",\"item\":\"https:\\\/\\\/annarona.de\\\/pl\\\/moje-obrazy\\\/\"},{\"@type\":\"ListItem\",\"position\":3,\"name\":\"Pies w ogrodzie wyobra\u017ani\"}]},{\"@type\":\"WebSite\",\"@id\":\"https:\\\/\\\/annarona.de\\\/#website\",\"url\":\"https:\\\/\\\/annarona.de\\\/\",\"name\":\"Anna Rona\",\"description\":\"Malerin aus K\u00f6rbecke\",\"publisher\":{\"@id\":\"https:\\\/\\\/annarona.de\\\/#organization\"},\"potentialAction\":[{\"@type\":\"SearchAction\",\"target\":{\"@type\":\"EntryPoint\",\"urlTemplate\":\"https:\\\/\\\/annarona.de\\\/?s={search_term_string}\"},\"query-input\":{\"@type\":\"PropertyValueSpecification\",\"valueRequired\":true,\"valueName\":\"search_term_string\"}}],\"inLanguage\":\"pl-PL\"},{\"@type\":\"Organization\",\"@id\":\"https:\\\/\\\/annarona.de\\\/#organization\",\"name\":\"Anna Rona\",\"url\":\"https:\\\/\\\/annarona.de\\\/\",\"logo\":{\"@type\":\"ImageObject\",\"inLanguage\":\"pl-PL\",\"@id\":\"https:\\\/\\\/annarona.de\\\/#\\\/schema\\\/logo\\\/image\\\/\",\"url\":\"https:\\\/\\\/annarona.de\\\/wp-content\\\/uploads\\\/2021\\\/04\\\/AnnaRona_Logo.png\",\"contentUrl\":\"https:\\\/\\\/annarona.de\\\/wp-content\\\/uploads\\\/2021\\\/04\\\/AnnaRona_Logo.png\",\"width\":1181,\"height\":816,\"caption\":\"Anna Rona\"},\"image\":{\"@id\":\"https:\\\/\\\/annarona.de\\\/#\\\/schema\\\/logo\\\/image\\\/\"}}]}<\/script>\n<!-- \/ Yoast SEO plugin. -->","yoast_head_json":{"title":"Pies w ogrodzie wyobra\u017ani - Anna Rona","robots":{"index":"index","follow":"follow","max-snippet":"max-snippet:-1","max-image-preview":"max-image-preview:large","max-video-preview":"max-video-preview:-1"},"canonical":"https:\/\/annarona.de\/produkt\/hund-im-garten-der-phantasie-2\/","og_locale":"pl_PL","og_type":"article","og_title":"Pies w ogrodzie wyobra\u017ani - Anna Rona","og_description":"\"Pies w ogrodzie wyobra\u017ani\" to obraz olejny namalowany na p\u0142\u00f3tnie o wymiarach 100 cm x 80 cm. Powsta\u0142 latem 2022 roku i jest cz\u0119\u015bci\u0105 trzycz\u0119\u015bciowego cyklu obraz\u00f3w zatytu\u0142owanego \"Zwierz\u0119ta w ogrodzie wyobra\u017ani\". Namalowany jest w ciep\u0142ych, przyjemnych odcieniach, kt\u00f3re pasuj\u0105 do wielu wn\u0119trz.  Obraz nie jest oprawiony w ram\u0119.","og_url":"https:\/\/annarona.de\/produkt\/hund-im-garten-der-phantasie-2\/","og_site_name":"Anna Rona","article_modified_time":"2023-09-11T06:11:05+00:00","og_image":[{"width":1200,"height":961,"url":"https:\/\/annarona.de\/wp-content\/uploads\/2023\/01\/MG_8660A.jpg","type":"image\/jpeg"}],"twitter_card":"summary_large_image","schema":{"@context":"https:\/\/schema.org","@graph":[{"@type":"WebPage","@id":"https:\/\/annarona.de\/produkt\/hund-im-garten-der-phantasie-2\/","url":"https:\/\/annarona.de\/produkt\/hund-im-garten-der-phantasie-2\/","name":"Pies w ogrodzie wyobra\u017ani - Anna Rona","isPartOf":{"@id":"https:\/\/annarona.de\/#website"},"primaryImageOfPage":{"@id":"https:\/\/annarona.de\/produkt\/hund-im-garten-der-phantasie-2\/#primaryimage"},"image":{"@id":"https:\/\/annarona.de\/produkt\/hund-im-garten-der-phantasie-2\/#primaryimage"},"thumbnailUrl":"https:\/\/annarona.de\/wp-content\/uploads\/2023\/01\/MG_8660A.jpg","datePublished":"2023-01-11T12:57:48+00:00","dateModified":"2023-09-11T06:11:05+00:00","breadcrumb":{"@id":"https:\/\/annarona.de\/produkt\/hund-im-garten-der-phantasie-2\/#breadcrumb"},"inLanguage":"pl-PL","potentialAction":[{"@type":"ReadAction","target":["https:\/\/annarona.de\/produkt\/hund-im-garten-der-phantasie-2\/"]}]},{"@type":"ImageObject","inLanguage":"pl-PL","@id":"https:\/\/annarona.de\/produkt\/hund-im-garten-der-phantasie-2\/#primaryimage","url":"https:\/\/annarona.de\/wp-content\/uploads\/2023\/01\/MG_8660A.jpg","contentUrl":"https:\/\/annarona.de\/wp-content\/uploads\/2023\/01\/MG_8660A.jpg","width":1200,"height":961},{"@type":"BreadcrumbList","@id":"https:\/\/annarona.de\/produkt\/hund-im-garten-der-phantasie-2\/#breadcrumb","itemListElement":[{"@type":"ListItem","position":1,"name":"Home","item":"https:\/\/annarona.de\/pl\/"},{"@type":"ListItem","position":2,"name":"Erh\u00e4ltliche Werke","item":"https:\/\/annarona.de\/pl\/moje-obrazy\/"},{"@type":"ListItem","position":3,"name":"Pies w ogrodzie wyobra\u017ani"}]},{"@type":"WebSite","@id":"https:\/\/annarona.de\/#website","url":"https:\/\/annarona.de\/","name":"Anna Rona","description":"Malerin aus K\u00f6rbecke","publisher":{"@id":"https:\/\/annarona.de\/#organization"},"potentialAction":[{"@type":"SearchAction","target":{"@type":"EntryPoint","urlTemplate":"https:\/\/annarona.de\/?s={search_term_string}"},"query-input":{"@type":"PropertyValueSpecification","valueRequired":true,"valueName":"search_term_string"}}],"inLanguage":"pl-PL"},{"@type":"Organization","@id":"https:\/\/annarona.de\/#organization","name":"Anna Rona","url":"https:\/\/annarona.de\/","logo":{"@type":"ImageObject","inLanguage":"pl-PL","@id":"https:\/\/annarona.de\/#\/schema\/logo\/image\/","url":"https:\/\/annarona.de\/wp-content\/uploads\/2021\/04\/AnnaRona_Logo.png","contentUrl":"https:\/\/annarona.de\/wp-content\/uploads\/2021\/04\/AnnaRona_Logo.png","width":1181,"height":816,"caption":"Anna Rona"},"image":{"@id":"https:\/\/annarona.de\/#\/schema\/logo\/image\/"}}]}},"_links":{"self":[{"href":"https:\/\/annarona.de\/pl\/wp-json\/wp\/v2\/product\/4726","targetHints":{"allow":["GET"]}}],"collection":[{"href":"https:\/\/annarona.de\/pl\/wp-json\/wp\/v2\/product"}],"about":[{"href":"https:\/\/annarona.de\/pl\/wp-json\/wp\/v2\/types\/product"}],"version-history":[{"count":3,"href":"https:\/\/annarona.de\/pl\/wp-json\/wp\/v2\/product\/4726\/revisions"}],"predecessor-version":[{"id":4745,"href":"https:\/\/annarona.de\/pl\/wp-json\/wp\/v2\/product\/4726\/revisions\/4745"}],"wp:featuredmedia":[{"embeddable":true,"href":"https:\/\/annarona.de\/pl\/wp-json\/wp\/v2\/media\/4731"}],"wp:attachment":[{"href":"https:\/\/annarona.de\/pl\/wp-json\/wp\/v2\/media?parent=4726"}],"wp:term":[{"taxonomy":"product_brand","embeddable":true,"href":"https:\/\/annarona.de\/pl\/wp-json\/wp\/v2\/product_brand?post=4726"},{"taxonomy":"product_cat","embeddable":true,"href":"https:\/\/annarona.de\/pl\/wp-json\/wp\/v2\/product_cat?post=4726"},{"taxonomy":"product_tag","embeddable":true,"href":"https:\/\/annarona.de\/pl\/wp-json\/wp\/v2\/product_tag?post=4726"}],"curies":[{"name":"wp","href":"https:\/\/api.w.org\/{rel}","templated":true}]}}