{"id":2434,"date":"2022-05-18T14:47:12","date_gmt":"2022-05-18T12:47:12","guid":{"rendered":"https:\/\/annarona.de\/?page_id=2434"},"modified":"2022-06-09T12:13:46","modified_gmt":"2022-06-09T10:13:46","slug":"odcisk","status":"publish","type":"page","link":"https:\/\/annarona.de\/pl\/odcisk\/","title":{"rendered":"Stopka redakcyjna."},"content":{"rendered":"\t\t<div data-elementor-type=\"wp-page\" data-elementor-id=\"2434\" class=\"elementor elementor-2434\" data-elementor-post-type=\"page\">\n\t\t\t\t\t\t<section data-particle_enable=\"false\" data-particle-mobile-disabled=\"false\" class=\"elementor-section elementor-top-section elementor-element elementor-element-6e797aa elementor-section-boxed elementor-section-height-default elementor-section-height-default\" data-id=\"6e797aa\" data-element_type=\"section\" data-e-type=\"section\">\n\t\t\t\t\t\t<div class=\"elementor-container elementor-column-gap-default\">\n\t\t\t\t\t<div class=\"elementor-column elementor-col-100 elementor-top-column elementor-element elementor-element-9d761e5\" data-id=\"9d761e5\" data-element_type=\"column\" data-e-type=\"column\">\n\t\t\t<div class=\"elementor-widget-wrap elementor-element-populated\">\n\t\t\t\t\t\t<div class=\"elementor-element elementor-element-04fe641 elementor-widget elementor-widget-text-editor\" data-id=\"04fe641\" data-element_type=\"widget\" data-e-type=\"widget\" data-widget_type=\"text-editor.default\">\n\t\t\t\t<div class=\"elementor-widget-container\">\n\t\t\t\t\t\t\t\t\t<p>INFORMACJE ZGODNIE Z \u00a7 5 TMG<br \/>Anna Rona<br \/>Breiter Weg 3\u00a0<br \/>34434 Borgentreich &#8211; K\u00f6rbecke <br \/>Niemcy<br \/><br \/>KONTAKT:<br \/>Telefon: +4915161475821<br \/>e-mail: aniarona@gnail.com<br \/><br \/>ODPOWIEDZIALNY ZA TRE\u015a\u0106 ZGODNIE Z \u00a7 55 ROZPORZ\u0104DZENIA. 2 RSTV:<br \/>Anna Rona<br \/>Breiter Weg 3\u00a0\u00a0<br \/>34434 Borgentreich &#8211; K\u00f6rbecke<br \/>Niemcy<\/p><p><br \/>ROZSTRZYGANIE SPOR\u00d3W.<br \/>Nie jeste\u015bmy sk\u0142onni ani zobowi\u0105zani do udzia\u0142u w post\u0119powaniu w sprawie rozstrzygania spor\u00f3w przed s\u0105dem polubownym do spraw konsument\u00f3w.<br \/><br \/><\/p>\t\t\t\t\t\t\t\t<\/div>\n\t\t\t\t<\/div>\n\t\t\t\t<div class=\"elementor-element elementor-element-6cad801 elementor-widget elementor-widget-text-editor\" data-id=\"6cad801\" data-element_type=\"widget\" data-e-type=\"widget\" data-widget_type=\"text-editor.default\">\n\t\t\t\t<div class=\"elementor-widget-container\">\n\t\t\t\t\t\t\t\t\t<p>WY\u0141\u0104CZENIE ODPOWIEDZIALNO\u015aCI<br \/><br \/>ODPOWIEDZIALNO\u015a\u0106 ZA TRE\u015a\u0106<br \/>Jako us\u0142ugodawca jeste\u015bmy odpowiedzialni za w\u0142asne tre\u015bci na tych stronach zgodnie z og\u00f3lnymi przepisami \u00a7 7 ust. 1 niemieckiej ustawy o telemediach (TMG). Jednak zgodnie z \u00a7\u00a7 8-10 TMG, jako dostawca us\u0142ug nie jeste\u015bmy zobowi\u0105zani do monitorowania przesy\u0142anych lub przechowywanych informacji os\u00f3b trzecich ani do badania okoliczno\u015bci wskazuj\u0105cych na nielegaln\u0105 dzia\u0142alno\u015b\u0107.<br \/><br \/>Nie ma to wp\u0142ywu na obowi\u0105zek usuni\u0119cia lub zablokowania mo\u017cliwo\u015bci korzystania z informacji zgodnie z og\u00f3lnymi przepisami prawa. Odpowiedzialno\u015b\u0107 w tym zakresie jest jednak mo\u017cliwa dopiero od momentu, w kt\u00f3rym dowiemy si\u0119 o konkretnym naruszeniu prawa. Je\u015bli dowiemy si\u0119 o takich naruszeniach, natychmiast usuniemy odpowiednie tre\u015bci.<br \/><br \/>ODPOWIEDZIALNO\u015a\u0106 ZA LINKI<br \/>Nasza witryna zawiera linki do zewn\u0119trznych stron internetowych os\u00f3b trzecich, na kt\u00f3rych tre\u015b\u0107 nie mamy wp\u0142ywu. Dlatego nie ponosimy \u017cadnej odpowiedzialno\u015bci za te tre\u015bci zewn\u0119trzne. Za tre\u015b\u0107 stron, do kt\u00f3rych odsy\u0142aj\u0105 linki, odpowiada zawsze ich operator lub dostawca. Strony, do kt\u00f3rych prowadz\u0105 \u0142\u0105cza, zosta\u0142y sprawdzone pod k\u0105tem ewentualnych narusze\u0144 prawa w momencie umieszczania \u0142\u0105cza. Nielegalne tre\u015bci nie by\u0142y rozpoznawalne w momencie umieszczania \u0142\u0105cza.<br \/><br \/>Jednak sta\u0142e monitorowanie zawarto\u015bci stron, do kt\u00f3rych prowadz\u0105 odno\u015bniki, nie jest uzasadnione bez konkretnych przes\u0142anek wskazuj\u0105cych na naruszenie prawa. W przypadku powzi\u0119cia informacji o naruszeniu prawa, linki takie zostan\u0105 niezw\u0142ocznie usuni\u0119te.<br \/><br \/>COPYRIGHT<br \/>Tre\u015bci i prace na tych stronach, stworzone przez operator\u00f3w strony, podlegaj\u0105 niemieckiemu prawu autorskiemu. Powielanie, przetwarzanie, rozpowszechnianie lub jakakolwiek forma komercjalizacji takich materia\u0142\u00f3w wykraczaj\u0105ca poza zakres prawa autorskiego wymaga uprzedniej pisemnej zgody ich autora lub tw\u00f3rcy. Pobieranie i kopiowanie niniejszej witryny jest dozwolone wy\u0142\u0105cznie do prywatnego, niekomercyjnego u\u017cytku.<br \/><br \/>O ile tre\u015bci zamieszczone na tej stronie nie zosta\u0142y stworzone przez operatora, przestrzegane s\u0105 prawa autorskie os\u00f3b trzecich. W szczeg\u00f3lno\u015bci tre\u015bci os\u00f3b trzecich s\u0105 oznaczone jako takie. Je\u015bli mimo to dowiedz\u0105 si\u0119 Pa\u0144stwo o naruszeniu praw autorskich, prosimy o poinformowanie nas o tym. Je\u015bli dowiemy si\u0119 o jakichkolwiek naruszeniach, natychmiast usuniemy takie tre\u015bci.<br \/><br \/><\/p>\t\t\t\t\t\t\t\t<\/div>\n\t\t\t\t<\/div>\n\t\t\t\t<div class=\"elementor-element elementor-element-bd4ee2d elementor-align-center elementor-widget elementor-widget-button\" data-id=\"bd4ee2d\" data-element_type=\"widget\" data-e-type=\"widget\" data-widget_type=\"button.default\">\n\t\t\t\t<div class=\"elementor-widget-container\">\n\t\t\t\t\t\t\t\t\t<div class=\"elementor-button-wrapper\">\n\t\t\t\t\t<a class=\"elementor-button elementor-button-link elementor-size-sm\" href=\"https:\/\/elementor.smartist-academy.de\/datenschutz\/\">\n\t\t\t\t\t\t<span class=\"elementor-button-content-wrapper\">\n\t\t\t\t\t\t\t\t\t<span class=\"elementor-button-text\">Zur Datenschutzerkl\u00e4rung &gt;<\/span>\n\t\t\t\t\t<\/span>\n\t\t\t\t\t<\/a>\n\t\t\t\t<\/div>\n\t\t\t\t\t\t\t\t<\/div>\n\t\t\t\t<\/div>\n\t\t\t\t\t<\/div>\n\t\t<\/div>\n\t\t\t\t\t<\/div>\n\t\t<\/section>\n\t\t\t\t<\/div>\n\t\t","protected":false},"excerpt":{"rendered":"<p>INFORMACJE ZGODNIE Z \u00a7 5 TMGAnna RonaBreiter Weg 3\u00a034434 Borgentreich &#8211; K\u00f6rbecke Niemcy KONTAKT:Telefon: +4915161475821e-mail: aniarona@gnail.com ODPOWIEDZIALNY ZA TRE\u015a\u0106 ZGODNIE Z \u00a7 55 ROZPORZ\u0104DZENIA. 2 RSTV:Anna RonaBreiter Weg 3\u00a0\u00a034434 Borgentreich &#8211; K\u00f6rbeckeNiemcy ROZSTRZYGANIE SPOR\u00d3W.Nie jeste\u015bmy sk\u0142onni ani zobowi\u0105zani do udzia\u0142u w post\u0119powaniu w sprawie rozstrzygania spor\u00f3w przed s\u0105dem polubownym do spraw konsument\u00f3w. WY\u0141\u0104CZENIE ODPOWIEDZIALNO\u015aCI ODPOWIEDZIALNO\u015a\u0106 [&hellip;]<\/p>\n","protected":false},"author":1,"featured_media":0,"parent":0,"menu_order":0,"comment_status":"closed","ping_status":"closed","template":"","meta":{"ocean_post_layout":"","ocean_both_sidebars_style":"","ocean_both_sidebars_content_width":0,"ocean_both_sidebars_sidebars_width":0,"ocean_sidebar":"0","ocean_second_sidebar":"0","ocean_disable_margins":"enable","ocean_add_body_class":"","ocean_shortcode_before_top_bar":"","ocean_shortcode_after_top_bar":"","ocean_shortcode_before_header":"","ocean_shortcode_after_header":"","ocean_has_shortcode":"","ocean_shortcode_after_title":"","ocean_shortcode_before_footer_widgets":"","ocean_shortcode_after_footer_widgets":"","ocean_shortcode_before_footer_bottom":"","ocean_shortcode_after_footer_bottom":"","ocean_display_top_bar":"default","ocean_display_header":"default","ocean_header_style":"","ocean_center_header_left_menu":"0","ocean_custom_header_template":"0","ocean_custom_logo":0,"ocean_custom_retina_logo":0,"ocean_custom_logo_max_width":0,"ocean_custom_logo_tablet_max_width":0,"ocean_custom_logo_mobile_max_width":0,"ocean_custom_logo_max_height":0,"ocean_custom_logo_tablet_max_height":0,"ocean_custom_logo_mobile_max_height":0,"ocean_header_custom_menu":"0","ocean_menu_typo_font_family":"0","ocean_menu_typo_font_subset":"","ocean_menu_typo_font_size":0,"ocean_menu_typo_font_size_tablet":0,"ocean_menu_typo_font_size_mobile":0,"ocean_menu_typo_font_size_unit":"px","ocean_menu_typo_font_weight":"","ocean_menu_typo_font_weight_tablet":"","ocean_menu_typo_font_weight_mobile":"","ocean_menu_typo_transform":"","ocean_menu_typo_transform_tablet":"","ocean_menu_typo_transform_mobile":"","ocean_menu_typo_line_height":0,"ocean_menu_typo_line_height_tablet":0,"ocean_menu_typo_line_height_mobile":0,"ocean_menu_typo_line_height_unit":"","ocean_menu_typo_spacing":0,"ocean_menu_typo_spacing_tablet":0,"ocean_menu_typo_spacing_mobile":0,"ocean_menu_typo_spacing_unit":"","ocean_menu_link_color":"","ocean_menu_link_color_hover":"","ocean_menu_link_color_active":"","ocean_menu_link_background":"","ocean_menu_link_hover_background":"","ocean_menu_link_active_background":"","ocean_menu_social_links_bg":"","ocean_menu_social_hover_links_bg":"","ocean_menu_social_links_color":"","ocean_menu_social_hover_links_color":"","ocean_disable_title":"default","ocean_disable_heading":"default","ocean_post_title":"","ocean_post_subheading":"","ocean_post_title_style":"","ocean_post_title_background_color":"","ocean_post_title_background":0,"ocean_post_title_bg_image_position":"","ocean_post_title_bg_image_attachment":"","ocean_post_title_bg_image_repeat":"","ocean_post_title_bg_image_size":"","ocean_post_title_height":0,"ocean_post_title_bg_overlay":0.5,"ocean_post_title_bg_overlay_color":"","ocean_disable_breadcrumbs":"default","ocean_breadcrumbs_color":"","ocean_breadcrumbs_separator_color":"","ocean_breadcrumbs_links_color":"","ocean_breadcrumbs_links_hover_color":"","ocean_display_footer_widgets":"default","ocean_display_footer_bottom":"default","ocean_custom_footer_template":"0","footnotes":""},"class_list":["post-2434","page","type-page","status-publish","hentry","entry","owp-thumbs-layout-horizontal","owp-btn-normal","owp-tabs-layout-horizontal","has-no-thumbnails","has-product-nav","circle-sale"],"yoast_head":"<!-- This site is optimized with the Yoast SEO plugin v27.3 - https:\/\/yoast.com\/product\/yoast-seo-wordpress\/ -->\n<title>Stopka redakcyjna. - Anna Rona<\/title>\n<meta name=\"robots\" content=\"index, follow, max-snippet:-1, max-image-preview:large, max-video-preview:-1\" \/>\n<link rel=\"canonical\" href=\"https:\/\/annarona.de\/impressum\/\" \/>\n<meta property=\"og:locale\" content=\"pl_PL\" \/>\n<meta property=\"og:type\" content=\"article\" \/>\n<meta property=\"og:title\" content=\"Stopka redakcyjna. - Anna Rona\" \/>\n<meta property=\"og:description\" content=\"INFORMACJE ZGODNIE Z \u00a7 5 TMGAnna RonaBreiter Weg 3\u00a034434 Borgentreich &#8211; K\u00f6rbecke Niemcy KONTAKT:Telefon: +4915161475821e-mail: aniarona@gnail.com ODPOWIEDZIALNY ZA TRE\u015a\u0106 ZGODNIE Z \u00a7 55 ROZPORZ\u0104DZENIA. 2 RSTV:Anna RonaBreiter Weg 3\u00a0\u00a034434 Borgentreich &#8211; K\u00f6rbeckeNiemcy ROZSTRZYGANIE SPOR\u00d3W.Nie jeste\u015bmy sk\u0142onni ani zobowi\u0105zani do udzia\u0142u w post\u0119powaniu w sprawie rozstrzygania spor\u00f3w przed s\u0105dem polubownym do spraw konsument\u00f3w. WY\u0141\u0104CZENIE ODPOWIEDZIALNO\u015aCI ODPOWIEDZIALNO\u015a\u0106 [&hellip;]\" \/>\n<meta property=\"og:url\" content=\"https:\/\/annarona.de\/impressum\/\" \/>\n<meta property=\"og:site_name\" content=\"Anna Rona\" \/>\n<meta property=\"article:modified_time\" content=\"2022-06-09T10:13:46+00:00\" \/>\n<meta name=\"twitter:card\" content=\"summary_large_image\" \/>\n<meta name=\"twitter:label1\" content=\"Szacowany czas czytania\" \/>\n\t<meta name=\"twitter:data1\" content=\"2 minuty\" \/>\n<script type=\"application\/ld+json\" class=\"yoast-schema-graph\">{\"@context\":\"https:\\\/\\\/schema.org\",\"@graph\":[{\"@type\":\"WebPage\",\"@id\":\"https:\\\/\\\/annarona.de\\\/impressum\\\/\",\"url\":\"https:\\\/\\\/annarona.de\\\/impressum\\\/\",\"name\":\"Stopka redakcyjna. - Anna Rona\",\"isPartOf\":{\"@id\":\"https:\\\/\\\/annarona.de\\\/#website\"},\"datePublished\":\"2022-05-18T12:47:12+00:00\",\"dateModified\":\"2022-06-09T10:13:46+00:00\",\"breadcrumb\":{\"@id\":\"https:\\\/\\\/annarona.de\\\/impressum\\\/#breadcrumb\"},\"inLanguage\":\"pl-PL\",\"potentialAction\":[{\"@type\":\"ReadAction\",\"target\":[\"https:\\\/\\\/annarona.de\\\/impressum\\\/\"]}]},{\"@type\":\"BreadcrumbList\",\"@id\":\"https:\\\/\\\/annarona.de\\\/impressum\\\/#breadcrumb\",\"itemListElement\":[{\"@type\":\"ListItem\",\"position\":1,\"name\":\"Home\",\"item\":\"https:\\\/\\\/annarona.de\\\/pl\\\/\"},{\"@type\":\"ListItem\",\"position\":2,\"name\":\"Stopka redakcyjna.\"}]},{\"@type\":\"WebSite\",\"@id\":\"https:\\\/\\\/annarona.de\\\/#website\",\"url\":\"https:\\\/\\\/annarona.de\\\/\",\"name\":\"Anna Rona\",\"description\":\"Malerin aus K\u00f6rbecke\",\"publisher\":{\"@id\":\"https:\\\/\\\/annarona.de\\\/#organization\"},\"potentialAction\":[{\"@type\":\"SearchAction\",\"target\":{\"@type\":\"EntryPoint\",\"urlTemplate\":\"https:\\\/\\\/annarona.de\\\/?s={search_term_string}\"},\"query-input\":{\"@type\":\"PropertyValueSpecification\",\"valueRequired\":true,\"valueName\":\"search_term_string\"}}],\"inLanguage\":\"pl-PL\"},{\"@type\":\"Organization\",\"@id\":\"https:\\\/\\\/annarona.de\\\/#organization\",\"name\":\"Anna Rona\",\"url\":\"https:\\\/\\\/annarona.de\\\/\",\"logo\":{\"@type\":\"ImageObject\",\"inLanguage\":\"pl-PL\",\"@id\":\"https:\\\/\\\/annarona.de\\\/#\\\/schema\\\/logo\\\/image\\\/\",\"url\":\"https:\\\/\\\/annarona.de\\\/wp-content\\\/uploads\\\/2021\\\/04\\\/AnnaRona_Logo.png\",\"contentUrl\":\"https:\\\/\\\/annarona.de\\\/wp-content\\\/uploads\\\/2021\\\/04\\\/AnnaRona_Logo.png\",\"width\":1181,\"height\":816,\"caption\":\"Anna Rona\"},\"image\":{\"@id\":\"https:\\\/\\\/annarona.de\\\/#\\\/schema\\\/logo\\\/image\\\/\"}}]}<\/script>\n<!-- \/ Yoast SEO plugin. -->","yoast_head_json":{"title":"Stopka redakcyjna. - Anna Rona","robots":{"index":"index","follow":"follow","max-snippet":"max-snippet:-1","max-image-preview":"max-image-preview:large","max-video-preview":"max-video-preview:-1"},"canonical":"https:\/\/annarona.de\/impressum\/","og_locale":"pl_PL","og_type":"article","og_title":"Stopka redakcyjna. - Anna Rona","og_description":"INFORMACJE ZGODNIE Z \u00a7 5 TMGAnna RonaBreiter Weg 3\u00a034434 Borgentreich &#8211; K\u00f6rbecke Niemcy KONTAKT:Telefon: +4915161475821e-mail: aniarona@gnail.com ODPOWIEDZIALNY ZA TRE\u015a\u0106 ZGODNIE Z \u00a7 55 ROZPORZ\u0104DZENIA. 2 RSTV:Anna RonaBreiter Weg 3\u00a0\u00a034434 Borgentreich &#8211; K\u00f6rbeckeNiemcy ROZSTRZYGANIE SPOR\u00d3W.Nie jeste\u015bmy sk\u0142onni ani zobowi\u0105zani do udzia\u0142u w post\u0119powaniu w sprawie rozstrzygania spor\u00f3w przed s\u0105dem polubownym do spraw konsument\u00f3w. WY\u0141\u0104CZENIE ODPOWIEDZIALNO\u015aCI ODPOWIEDZIALNO\u015a\u0106 [&hellip;]","og_url":"https:\/\/annarona.de\/impressum\/","og_site_name":"Anna Rona","article_modified_time":"2022-06-09T10:13:46+00:00","twitter_card":"summary_large_image","twitter_misc":{"Szacowany czas czytania":"2 minuty"},"schema":{"@context":"https:\/\/schema.org","@graph":[{"@type":"WebPage","@id":"https:\/\/annarona.de\/impressum\/","url":"https:\/\/annarona.de\/impressum\/","name":"Stopka redakcyjna. - Anna Rona","isPartOf":{"@id":"https:\/\/annarona.de\/#website"},"datePublished":"2022-05-18T12:47:12+00:00","dateModified":"2022-06-09T10:13:46+00:00","breadcrumb":{"@id":"https:\/\/annarona.de\/impressum\/#breadcrumb"},"inLanguage":"pl-PL","potentialAction":[{"@type":"ReadAction","target":["https:\/\/annarona.de\/impressum\/"]}]},{"@type":"BreadcrumbList","@id":"https:\/\/annarona.de\/impressum\/#breadcrumb","itemListElement":[{"@type":"ListItem","position":1,"name":"Home","item":"https:\/\/annarona.de\/pl\/"},{"@type":"ListItem","position":2,"name":"Stopka redakcyjna."}]},{"@type":"WebSite","@id":"https:\/\/annarona.de\/#website","url":"https:\/\/annarona.de\/","name":"Anna Rona","description":"Malerin aus K\u00f6rbecke","publisher":{"@id":"https:\/\/annarona.de\/#organization"},"potentialAction":[{"@type":"SearchAction","target":{"@type":"EntryPoint","urlTemplate":"https:\/\/annarona.de\/?s={search_term_string}"},"query-input":{"@type":"PropertyValueSpecification","valueRequired":true,"valueName":"search_term_string"}}],"inLanguage":"pl-PL"},{"@type":"Organization","@id":"https:\/\/annarona.de\/#organization","name":"Anna Rona","url":"https:\/\/annarona.de\/","logo":{"@type":"ImageObject","inLanguage":"pl-PL","@id":"https:\/\/annarona.de\/#\/schema\/logo\/image\/","url":"https:\/\/annarona.de\/wp-content\/uploads\/2021\/04\/AnnaRona_Logo.png","contentUrl":"https:\/\/annarona.de\/wp-content\/uploads\/2021\/04\/AnnaRona_Logo.png","width":1181,"height":816,"caption":"Anna Rona"},"image":{"@id":"https:\/\/annarona.de\/#\/schema\/logo\/image\/"}}]}},"_links":{"self":[{"href":"https:\/\/annarona.de\/pl\/wp-json\/wp\/v2\/pages\/2434","targetHints":{"allow":["GET"]}}],"collection":[{"href":"https:\/\/annarona.de\/pl\/wp-json\/wp\/v2\/pages"}],"about":[{"href":"https:\/\/annarona.de\/pl\/wp-json\/wp\/v2\/types\/page"}],"author":[{"embeddable":true,"href":"https:\/\/annarona.de\/pl\/wp-json\/wp\/v2\/users\/1"}],"replies":[{"embeddable":true,"href":"https:\/\/annarona.de\/pl\/wp-json\/wp\/v2\/comments?post=2434"}],"version-history":[{"count":7,"href":"https:\/\/annarona.de\/pl\/wp-json\/wp\/v2\/pages\/2434\/revisions"}],"predecessor-version":[{"id":3539,"href":"https:\/\/annarona.de\/pl\/wp-json\/wp\/v2\/pages\/2434\/revisions\/3539"}],"wp:attachment":[{"href":"https:\/\/annarona.de\/pl\/wp-json\/wp\/v2\/media?parent=2434"}],"curies":[{"name":"wp","href":"https:\/\/api.w.org\/{rel}","templated":true}]}}